{"id":1374,"date":"2023-06-02T15:29:10","date_gmt":"2023-06-02T19:29:10","guid":{"rendered":"https:\/\/commparlimage.ca\/stg02042026\/conception-sites-web-cowansville-2\/"},"modified":"2023-06-02T15:31:14","modified_gmt":"2023-06-02T19:31:14","slug":"conception-sites-web-knowlton","status":"publish","type":"page","link":"https:\/\/commparlimage.ca\/stg02042026\/regions\/conception-sites-web-knowlton\/","title":{"rendered":"Conception de sites web \u00e0 Knowlton"},"content":{"rendered":"","protected":false},"excerpt":{"rendered":"","protected":false},"author":1,"featured_media":0,"parent":1853,"menu_order":34,"comment_status":"closed","ping_status":"closed","template":"page-templates\/landing-page.php","meta":{"_acf_changed":false,"footnotes":""},"class_list":["post-1374","page","type-page","status-publish","hentry"],"acf":[],"yoast_head":"<!-- This site is optimized with the Yoast SEO plugin v27.4 - https:\/\/yoast.com\/product\/yoast-seo-wordpress\/ -->\n<title>Conception de sites web \u00e0 Knowlton | CPL Staging<\/title>\n<meta name=\"description\" content=\"Nous sommes des concepteurs de site web et de campagnes de publicit\u00e9 situ\u00e9s \u00e0 Bromont, qui vous aideront \u00e0 amener votre entreprise en avant-plan sur le march\u00e9.\" \/>\n<meta name=\"robots\" content=\"noindex, follow, max-snippet:-1, max-image-preview:large, max-video-preview:-1\" \/>\n<meta property=\"og:locale\" content=\"fr_FR\" \/>\n<meta property=\"og:type\" content=\"article\" \/>\n<meta property=\"og:title\" content=\"Conception de sites web \u00e0 Knowlton | CPL Staging\" \/>\n<meta property=\"og:description\" content=\"Nous sommes des concepteurs de site web et de campagnes de publicit\u00e9 situ\u00e9s \u00e0 Bromont, qui vous aideront \u00e0 amener votre entreprise en avant-plan sur le march\u00e9.\" \/>\n<meta property=\"og:url\" content=\"https:\/\/commparlimage.ca\/stg02042026\/conception-sites-web-knowlton\/\" \/>\n<meta property=\"og:site_name\" content=\"CPL Staging\" \/>\n<meta property=\"article:publisher\" content=\"https:\/\/www.facebook.com\/Communication-par-limage-179734672049046\/\" \/>\n<meta property=\"article:modified_time\" content=\"2023-06-02T19:31:14+00:00\" \/>\n<meta property=\"og:image\" content=\"https:\/\/commparlimage.ca\/stg02042026\/wp-content\/uploads\/2022\/04\/cpl-webcard.jpg\" \/>\n\t<meta property=\"og:image:width\" content=\"1200\" \/>\n\t<meta property=\"og:image:height\" content=\"750\" \/>\n\t<meta property=\"og:image:type\" content=\"image\/jpeg\" \/>\n<script type=\"application\/ld+json\" class=\"yoast-schema-graph\">{\"@context\":\"https:\\\/\\\/schema.org\",\"@graph\":[{\"@type\":\"WebPage\",\"@id\":\"https:\\\/\\\/commparlimage.ca\\\/stg02042026\\\/conception-sites-web-knowlton\\\/\",\"url\":\"https:\\\/\\\/commparlimage.ca\\\/stg02042026\\\/conception-sites-web-knowlton\\\/\",\"name\":\"Conception de sites web \u00e0 Knowlton | CPL Staging\",\"isPartOf\":{\"@id\":\"https:\\\/\\\/commparlimage.ca\\\/stg02042026\\\/#website\"},\"datePublished\":\"2023-06-02T19:29:10+00:00\",\"dateModified\":\"2023-06-02T19:31:14+00:00\",\"description\":\"Nous sommes des concepteurs de site web et de campagnes de publicit\u00e9 situ\u00e9s \u00e0 Bromont, qui vous aideront \u00e0 amener votre entreprise en avant-plan sur le march\u00e9.\",\"breadcrumb\":{\"@id\":\"https:\\\/\\\/commparlimage.ca\\\/stg02042026\\\/conception-sites-web-knowlton\\\/#breadcrumb\"},\"inLanguage\":\"fr-FR\",\"potentialAction\":[{\"@type\":\"ReadAction\",\"target\":[\"https:\\\/\\\/commparlimage.ca\\\/stg02042026\\\/conception-sites-web-knowlton\\\/\"]}]},{\"@type\":\"BreadcrumbList\",\"@id\":\"https:\\\/\\\/commparlimage.ca\\\/stg02042026\\\/conception-sites-web-knowlton\\\/#breadcrumb\",\"itemListElement\":[{\"@type\":\"ListItem\",\"position\":1,\"name\":\"Accueil\",\"item\":\"https:\\\/\\\/commparlimage.ca\\\/stg02042026\\\/\"},{\"@type\":\"ListItem\",\"position\":2,\"name\":\"Conception de sites web \u00e0 Knowlton\"}]},{\"@type\":\"WebSite\",\"@id\":\"https:\\\/\\\/commparlimage.ca\\\/stg02042026\\\/#website\",\"url\":\"https:\\\/\\\/commparlimage.ca\\\/stg02042026\\\/\",\"name\":\"Communication par l'image\",\"description\":\"Conception sites Internet | Design\",\"publisher\":{\"@id\":\"https:\\\/\\\/commparlimage.ca\\\/stg02042026\\\/#organization\"},\"alternateName\":\"CPL\",\"potentialAction\":[{\"@type\":\"SearchAction\",\"target\":{\"@type\":\"EntryPoint\",\"urlTemplate\":\"https:\\\/\\\/commparlimage.ca\\\/stg02042026\\\/?s={search_term_string}\"},\"query-input\":{\"@type\":\"PropertyValueSpecification\",\"valueRequired\":true,\"valueName\":\"search_term_string\"}}],\"inLanguage\":\"fr-FR\"},{\"@type\":\"Organization\",\"@id\":\"https:\\\/\\\/commparlimage.ca\\\/stg02042026\\\/#organization\",\"name\":\"Communication par l'image\",\"url\":\"https:\\\/\\\/commparlimage.ca\\\/stg02042026\\\/\",\"logo\":{\"@type\":\"ImageObject\",\"inLanguage\":\"fr-FR\",\"@id\":\"https:\\\/\\\/commparlimage.ca\\\/stg02042026\\\/#\\\/schema\\\/logo\\\/image\\\/\",\"url\":\"https:\\\/\\\/commparlimage.ca\\\/stg02042026\\\/wp-content\\\/uploads\\\/2022\\\/04\\\/cpl-webcard.jpg\",\"contentUrl\":\"https:\\\/\\\/commparlimage.ca\\\/stg02042026\\\/wp-content\\\/uploads\\\/2022\\\/04\\\/cpl-webcard.jpg\",\"width\":1200,\"height\":750,\"caption\":\"Communication par l'image\"},\"image\":{\"@id\":\"https:\\\/\\\/commparlimage.ca\\\/stg02042026\\\/#\\\/schema\\\/logo\\\/image\\\/\"},\"sameAs\":[\"https:\\\/\\\/www.facebook.com\\\/Communication-par-limage-179734672049046\\\/\",\"https:\\\/\\\/x.com\\\/cplbromont\",\"https:\\\/\\\/www.instagram.com\\\/cplbromont\\\/\",\"https:\\\/\\\/www.linkedin.com\\\/company\\\/communication-par-l'image\"]}]}<\/script>\n<!-- \/ Yoast SEO plugin. -->","yoast_head_json":{"title":"Conception de sites web \u00e0 Knowlton | CPL Staging","description":"Nous sommes des concepteurs de site web et de campagnes de publicit\u00e9 situ\u00e9s \u00e0 Bromont, qui vous aideront \u00e0 amener votre entreprise en avant-plan sur le march\u00e9.","robots":{"index":"noindex","follow":"follow","max-snippet":"max-snippet:-1","max-image-preview":"max-image-preview:large","max-video-preview":"max-video-preview:-1"},"og_locale":"fr_FR","og_type":"article","og_title":"Conception de sites web \u00e0 Knowlton | CPL Staging","og_description":"Nous sommes des concepteurs de site web et de campagnes de publicit\u00e9 situ\u00e9s \u00e0 Bromont, qui vous aideront \u00e0 amener votre entreprise en avant-plan sur le march\u00e9.","og_url":"https:\/\/commparlimage.ca\/stg02042026\/conception-sites-web-knowlton\/","og_site_name":"CPL Staging","article_publisher":"https:\/\/www.facebook.com\/Communication-par-limage-179734672049046\/","article_modified_time":"2023-06-02T19:31:14+00:00","og_image":[{"width":1200,"height":750,"url":"https:\/\/commparlimage.ca\/stg02042026\/wp-content\/uploads\/2022\/04\/cpl-webcard.jpg","type":"image\/jpeg"}],"schema":{"@context":"https:\/\/schema.org","@graph":[{"@type":"WebPage","@id":"https:\/\/commparlimage.ca\/stg02042026\/conception-sites-web-knowlton\/","url":"https:\/\/commparlimage.ca\/stg02042026\/conception-sites-web-knowlton\/","name":"Conception de sites web \u00e0 Knowlton | CPL Staging","isPartOf":{"@id":"https:\/\/commparlimage.ca\/stg02042026\/#website"},"datePublished":"2023-06-02T19:29:10+00:00","dateModified":"2023-06-02T19:31:14+00:00","description":"Nous sommes des concepteurs de site web et de campagnes de publicit\u00e9 situ\u00e9s \u00e0 Bromont, qui vous aideront \u00e0 amener votre entreprise en avant-plan sur le march\u00e9.","breadcrumb":{"@id":"https:\/\/commparlimage.ca\/stg02042026\/conception-sites-web-knowlton\/#breadcrumb"},"inLanguage":"fr-FR","potentialAction":[{"@type":"ReadAction","target":["https:\/\/commparlimage.ca\/stg02042026\/conception-sites-web-knowlton\/"]}]},{"@type":"BreadcrumbList","@id":"https:\/\/commparlimage.ca\/stg02042026\/conception-sites-web-knowlton\/#breadcrumb","itemListElement":[{"@type":"ListItem","position":1,"name":"Accueil","item":"https:\/\/commparlimage.ca\/stg02042026\/"},{"@type":"ListItem","position":2,"name":"Conception de sites web \u00e0 Knowlton"}]},{"@type":"WebSite","@id":"https:\/\/commparlimage.ca\/stg02042026\/#website","url":"https:\/\/commparlimage.ca\/stg02042026\/","name":"Communication par l'image","description":"Conception sites Internet | Design","publisher":{"@id":"https:\/\/commparlimage.ca\/stg02042026\/#organization"},"alternateName":"CPL","potentialAction":[{"@type":"SearchAction","target":{"@type":"EntryPoint","urlTemplate":"https:\/\/commparlimage.ca\/stg02042026\/?s={search_term_string}"},"query-input":{"@type":"PropertyValueSpecification","valueRequired":true,"valueName":"search_term_string"}}],"inLanguage":"fr-FR"},{"@type":"Organization","@id":"https:\/\/commparlimage.ca\/stg02042026\/#organization","name":"Communication par l'image","url":"https:\/\/commparlimage.ca\/stg02042026\/","logo":{"@type":"ImageObject","inLanguage":"fr-FR","@id":"https:\/\/commparlimage.ca\/stg02042026\/#\/schema\/logo\/image\/","url":"https:\/\/commparlimage.ca\/stg02042026\/wp-content\/uploads\/2022\/04\/cpl-webcard.jpg","contentUrl":"https:\/\/commparlimage.ca\/stg02042026\/wp-content\/uploads\/2022\/04\/cpl-webcard.jpg","width":1200,"height":750,"caption":"Communication par l'image"},"image":{"@id":"https:\/\/commparlimage.ca\/stg02042026\/#\/schema\/logo\/image\/"},"sameAs":["https:\/\/www.facebook.com\/Communication-par-limage-179734672049046\/","https:\/\/x.com\/cplbromont","https:\/\/www.instagram.com\/cplbromont\/","https:\/\/www.linkedin.com\/company\/communication-par-l'image"]}]}},"_links":{"self":[{"href":"https:\/\/commparlimage.ca\/stg02042026\/wp-json\/wp\/v2\/pages\/1374","targetHints":{"allow":["GET"]}}],"collection":[{"href":"https:\/\/commparlimage.ca\/stg02042026\/wp-json\/wp\/v2\/pages"}],"about":[{"href":"https:\/\/commparlimage.ca\/stg02042026\/wp-json\/wp\/v2\/types\/page"}],"author":[{"embeddable":true,"href":"https:\/\/commparlimage.ca\/stg02042026\/wp-json\/wp\/v2\/users\/1"}],"replies":[{"embeddable":true,"href":"https:\/\/commparlimage.ca\/stg02042026\/wp-json\/wp\/v2\/comments?post=1374"}],"version-history":[{"count":0,"href":"https:\/\/commparlimage.ca\/stg02042026\/wp-json\/wp\/v2\/pages\/1374\/revisions"}],"up":[{"embeddable":true,"href":"https:\/\/commparlimage.ca\/stg02042026\/wp-json\/wp\/v2\/pages\/1853"}],"wp:attachment":[{"href":"https:\/\/commparlimage.ca\/stg02042026\/wp-json\/wp\/v2\/media?parent=1374"}],"curies":[{"name":"wp","href":"https:\/\/api.w.org\/{rel}","templated":true}]}}